{"id":867,"date":"2018-01-29T14:01:22","date_gmt":"2018-01-29T17:01:22","guid":{"rendered":"http:\/\/engearqcursos.com.br\/?page_id=867"},"modified":"2020-02-21T20:42:14","modified_gmt":"2020-02-21T23:42:14","slug":"sobre","status":"publish","type":"page","link":"https:\/\/engearqcursos.com.br\/index.php\/sobre\/","title":{"rendered":"Sobre o ENGEARQ"},"content":{"rendered":"<p>[vc_row padding_top=&#8221;0&#8243; padding_bottom=&#8221;20&#8243; padding_left=&#8221;20&#8243; padding_right=&#8221;20&#8243;][vc_column][vc_custom_heading text=&#8221;ENGEARQ Cursos&#8221; use_theme_fonts=&#8221;yes&#8221;][vc_column_text]Empresa especializada em qualifica\u00e7\u00e3o e treinamentos nas \u00e1reas de Engenharia e Arquitetura, atuando tamb\u00e9m no mercado de projetos e constru\u00e7\u00f5es de alto padr\u00e3o.<\/p>\n<p>Ap\u00f3s todo o aprendizado e experi\u00eancias adquiridas, os engenheiros propriet\u00e1rios do ENGEARQ Cursos, aos quais tamb\u00e9m s\u00e3o professores, decidiram compartilhar com o p\u00fablico todo conhecimento adquirido, nascendo assim o ENGEARQ Cursos.<\/p>\n<p>O ENGEARQ cursos atua desde 2015 e j\u00e1 qualificou centenas de alunos no modo presencial, tornando-se refer\u00eancia em ensino de Engenharia e Arquitetura da regi\u00e3o.[\/vc_column_text][\/vc_column][\/vc_row]<\/p>\n","protected":false},"excerpt":{"rendered":"<p>[vc_row padding_top=&#8221;0&#8243; padding_bottom=&#8221;20&#8243; padding_left=&#8221;20&#8243; padding_right=&#8221;20&#8243;][vc_column][vc_custom_heading text=&#8221;ENGEARQ Cursos&#8221; use_theme_fonts=&#8221;yes&#8221;][vc_column_text]Empresa especializada em qualifica\u00e7\u00e3o e treinamentos nas \u00e1reas de Engenharia e Arquitetura, atuando tamb\u00e9m &#8230;<\/p>\n","protected":false},"author":1,"featured_media":0,"parent":0,"menu_order":0,"comment_status":"closed","ping_status":"closed","template":"","meta":[],"_links":{"self":[{"href":"https:\/\/engearqcursos.com.br\/index.php\/wp-json\/wp\/v2\/pages\/867"}],"collection":[{"href":"https:\/\/engearqcursos.com.br\/index.php\/wp-json\/wp\/v2\/pages"}],"about":[{"href":"https:\/\/engearqcursos.com.br\/index.php\/wp-json\/wp\/v2\/types\/page"}],"author":[{"embeddable":true,"href":"https:\/\/engearqcursos.com.br\/index.php\/wp-json\/wp\/v2\/users\/1"}],"replies":[{"embeddable":true,"href":"https:\/\/engearqcursos.com.br\/index.php\/wp-json\/wp\/v2\/comments?post=867"}],"version-history":[{"count":11,"href":"https:\/\/engearqcursos.com.br\/index.php\/wp-json\/wp\/v2\/pages\/867\/revisions"}],"predecessor-version":[{"id":1558,"href":"https:\/\/engearqcursos.com.br\/index.php\/wp-json\/wp\/v2\/pages\/867\/revisions\/1558"}],"wp:attachment":[{"href":"https:\/\/engearqcursos.com.br\/index.php\/wp-json\/wp\/v2\/media?parent=867"}],"curies":[{"name":"wp","href":"https:\/\/api.w.org\/{rel}","templated":true}]}}