{"id":644,"date":"2015-02-26T08:21:08","date_gmt":"2015-02-26T11:21:08","guid":{"rendered":"http:\/\/demo.wpcharming.com\/construction\/?page_id=644"},"modified":"2025-10-23T14:09:35","modified_gmt":"2025-10-23T17:09:35","slug":"home-video-header","status":"publish","type":"page","link":"https:\/\/engearqcursos.com.br\/","title":{"rendered":"In\u00edcio"},"content":{"rendered":"<p>[vc_row row_type=&#8221;row_full_center_content&#8221; bg_color=&#8221;#333333&#8243; bg_image=&#8221;949&#8243; bg_position=&#8221;center bottom&#8221; row_video_bg=&#8221;use_video&#8221; bg_video_mp4=&#8221;https:\/\/engearqcursos.com.br\/wp-content\/uploads\/2018\/01\/autocadlt-videobanner-1240&#215;456.mp4&#8243; bg_video_webm=&#8221;https:\/\/engearqcursos.com.br\/wp-content\/uploads\/2018\/01\/autocadlt-videobanner-1240&#215;456.webm&#8221; row_text_color=&#8221;row_text_light&#8221; margin_top=&#8221;-40&#8243;][vc_column width=&#8221;12\/12&#8243; el_class=&#8221;tituloweb&#8221;][vc_column_text]<\/p>\n<h1 class=\"large-heading-inverted\"><strong style=\"text-shadow: 2px 2px 0px 4px black;\">ENGEARQ CURSOS<\/strong><\/h1>\n<h5 class=\"desc\" style=\"color: #ffffff;\">Centro de Estudos em Engenharia E Arquitetura<\/h5>\n<p>[\/vc_column_text][\/vc_column][\/vc_row][vc_row row_type=&#8221;row_full_center_content&#8221; bg_color=&#8221;#fab702&#8243; bg_repeat=&#8221;no-repeat&#8221; padding_top=&#8221;20&#8243; padding_bottom=&#8221;20&#8243;][vc_column width=&#8221;3\/4&#8243; el_class=&#8221;mobile-center&#8221;][vc_column_text]<\/p>\n<h3><span style=\"color: #ffffff; display: block; margin-top: 2px;\">A teoria na pr\u00e1tica!<\/span><\/h3>\n<p>[\/vc_column_text][\/vc_column][vc_column width=&#8221;1\/4&#8243; el_class=&#8221;mobile-center&#8221;][vc_button title=&#8221;Cursos&#8221; color=&#8221;ghost&#8221; margin_top=&#8221;0&#8243; margin_bottom=&#8221;0&#8243; link=&#8221;url:https%3A%2F%2Fengearqcursos.com.br%2Findex.php%2Fcursos%2F|title:Cursos||&#8221; el_class=&#8221;right&#8221;][\/vc_column][\/vc_row][vc_row padding_left=&#8221;20&#8243; padding_right=&#8221;20&#8243; class=&#8221;mainContent&#8221;][vc_column][vc_column_text el_class=&#8221;textoinicial&#8221;]<\/p>\n<p style=\"text-align: justify;\">Empresa especializada em qualifica\u00e7\u00e3o e treinamentos nas \u00e1reas de Engenharia e Arquitetura, atuando tamb\u00e9m no mercado de projetos e constru\u00e7\u00f5es de alto padr\u00e3o.<\/p>\n<p style=\"text-align: justify;\">Ap\u00f3s todo o aprendizado e experi\u00eancias adquiridas, os engenheiros propriet\u00e1rios do ENGEARQ Cursos, aos quais tamb\u00e9m s\u00e3o professores, decidiram compartilhar com o p\u00fablico todo conhecimento adquirido, nascendo assim o ENGEARQ Cursos.<\/p>\n<p style=\"text-align: justify;\">O ENGEARQ cursos atua desde 2015 e j\u00e1 qualificou centenas de alunos no modo presencial, tornando-se refer\u00eancia em ensino de Engenharia e Arquitetura da regi\u00e3o.<\/p>\n<p>[\/vc_column_text][\/vc_column][\/vc_row][vc_row row_type=&#8221;row_full_center_content&#8221; bg_color=&#8221;#e0e0e0&#8243; bg_image=&#8221;1330&#8243; bg_position=&#8221;center center&#8221; padding_bottom=&#8221;75&#8243;][vc_column]\n\t<div class=\"custom-heading wpb_content_element tituloCursos text-center\">\n\t\t<h2 class=\"heading-title\"  style=\"color: #f9f9f9;\">Cursos<\/h2>\n\t<\/div>[vc_row_inner][vc_column_inner el_class=&#8221;infoCursos&#8221; width=&#8221;1\/2&#8243;][vc_single_image image=&#8221;971&#8243; img_size=&#8221;full&#8221; add_caption=&#8221;yes&#8221; alignment=&#8221;center&#8221; onclick=&#8221;custom_link&#8221; title=&#8221;AutoCAD Alta Perfomance BIM&#8221; link=&#8221;http:\/\/engearqcursos.com.br\/index.php\/curso-de-autocad-preparatorio\/&#8221;][vc_btn title=&#8221;Saber mais&#8230;&#8221; style=&#8221;3d&#8221; color=&#8221;warning&#8221; size=&#8221;lg&#8221; align=&#8221;center&#8221; i_icon_fontawesome=&#8221;fas fa-sign-in-alt&#8221; button_block=&#8221;true&#8221; add_icon=&#8221;true&#8221; link=&#8221;url:https%3A%2F%2Fengearqcursos.com.br%2Findex.php%2Fcurso-de-autocad-preparatorio%2F|title:Curso%20AutoCAD||&#8221;][\/vc_column_inner][vc_column_inner el_class=&#8221;infoCursos&#8221; width=&#8221;1\/2&#8243;][vc_single_image image=&#8221;6247&#8243; img_size=&#8221;full&#8221; alignment=&#8221;center&#8221; onclick=&#8221;custom_link&#8221; title=&#8221;Revit Alphaville&#8221; link=&#8221;http:\/\/engearqcursos.com.br\/index.php\/curso-sketchup-render\/&#8221;][vc_btn title=&#8221;Saber mais&#8230;&#8221; style=&#8221;3d&#8221; color=&#8221;warning&#8221; size=&#8221;lg&#8221; align=&#8221;center&#8221; i_icon_fontawesome=&#8221;fas fa-sign-in-alt&#8221; button_block=&#8221;true&#8221; add_icon=&#8221;true&#8221; link=&#8221;url:https%3A%2F%2Fengearqcursos.com.br%2Findex.php%2Fcurso-de-revit%2F|title:Curso%20de%20Revit||&#8221;][\/vc_column_inner][\/vc_row_inner][vc_row_inner][vc_column_inner el_class=&#8221;infoCursos&#8221; width=&#8221;1\/2&#8243;][vc_single_image image=&#8221;1298&#8243; img_size=&#8221;full&#8221; add_caption=&#8221;yes&#8221; alignment=&#8221;center&#8221; onclick=&#8221;custom_link&#8221; title=&#8221;Excel para Obras&#8221; link=&#8221;http:\/\/engearqcursos.com.br\/index.php\/curso-de-autocad-preparatorio\/&#8221;][vc_btn title=&#8221;Saber mais&#8230;&#8221; style=&#8221;3d&#8221; color=&#8221;warning&#8221; size=&#8221;lg&#8221; align=&#8221;center&#8221; i_icon_fontawesome=&#8221;fas fa-sign-in-alt&#8221; button_block=&#8221;true&#8221; add_icon=&#8221;true&#8221; link=&#8221;url:https%3A%2F%2Fengearqcursos.com.br%2Findex.php%2Fcurso-de-excel%2F|title:Curso%20de%20Excel%20para%20Obras||&#8221;][\/vc_column_inner][vc_column_inner el_class=&#8221;infoCursos&#8221; width=&#8221;1\/2&#8243;][vc_single_image image=&#8221;6246&#8243; img_size=&#8221;full&#8221; alignment=&#8221;center&#8221; onclick=&#8221;custom_link&#8221; title=&#8221;Raytrace (SketchUp, V-Ray, Photoshop)&#8221; link=&#8221;http:\/\/engearqcursos.com.br\/index.php\/curso-sketchup-render\/&#8221;][vc_btn title=&#8221;Saber mais&#8230;&#8221; style=&#8221;3d&#8221; color=&#8221;warning&#8221; size=&#8221;lg&#8221; align=&#8221;center&#8221; i_icon_fontawesome=&#8221;fas fa-sign-in-alt&#8221; button_block=&#8221;true&#8221; add_icon=&#8221;true&#8221; link=&#8221;url:https%3A%2F%2Fengearqcursos.com.br%2Findex.php%2Fcurso-de-raytrace%2F|title:Curso%20Raytrace||&#8221;][\/vc_column_inner][\/vc_row_inner][\/vc_column][\/vc_row][vc_row bg_image=&#8221;1403&#8243; bg_position=&#8221;center center&#8221; row_text_color=&#8221;row_text_light&#8221;][vc_column width=&#8221;1\/2&#8243;]\n\t<div class=\"custom-heading wpb_content_element whatTitle text-right\">\n\t\t<h2 class=\"heading-title\"  style=\"color: #ffffff;\">D\u00favidas? Fale conosco via Whatsapp!<\/h2>\n\t<\/div>[vc_column_text el_class=&#8221;whatInfo&#8221;]<\/p>\n<p style=\"text-align: right;\">Para informa\u00e7\u00f5es sobre cursos, d\u00favidas e mais&#8230;<\/p>\n<p>[\/vc_column_text][\/vc_column][vc_column width=&#8221;1\/2&#8243;][vc_btn title=&#8221;Clique aqui&#8221; style=&#8221;3d&#8221; color=&#8221;success&#8221; size=&#8221;lg&#8221; align=&#8221;left&#8221; i_icon_fontawesome=&#8221;fab fa-whatsapp&#8221; add_icon=&#8221;true&#8221; link=&#8221;url:https%3A%2F%2Fapi.whatsapp.com%2Fsend%3Fphone%3D5562981887168%26text%3DOl%25C3%25A1%252C%2520vi%2520seu%2520an%25C3%25BAncio%2520no%2520site%252C%2520queria%2520mais%2520informa%25C3%25A7%25C3%25B5es%2520a%2520respeito%2520dos%2520cursos.|||&#8221; el_class=&#8221;whatButton&#8221;][\/vc_column][\/vc_row]<\/p>\n","protected":false},"excerpt":{"rendered":"<p>[vc_row row_type=&#8221;row_full_center_content&#8221; bg_color=&#8221;#333333&#8243; bg_image=&#8221;949&#8243; bg_position=&#8221;center bottom&#8221; row_video_bg=&#8221;use_video&#8221; bg_video_mp4=&#8221;https:\/\/engearqcursos.com.br\/wp-content\/uploads\/2018\/01\/autocadlt-videobanner-1240&#215;456.mp4&#8243; bg_video_webm=&#8221;https:\/\/engearqcursos.com.br\/wp-content\/uploads\/2018\/01\/autocadlt-videobanner-1240&#215;456.webm&#8221; row_text_color=&#8221;row_text_light&#8221; margin_top=&#8221;-40&#8243;][vc_column width=&#8221;12\/12&#8243; el_class=&#8221;tituloweb&#8221;][vc_column_text] ENGEARQ CURSOS Centro de Estudos em Engenharia E &#8230;<\/p>\n","protected":false},"author":1,"featured_media":0,"parent":0,"menu_order":0,"comment_status":"closed","ping_status":"closed","template":"","meta":[],"_links":{"self":[{"href":"https:\/\/engearqcursos.com.br\/index.php\/wp-json\/wp\/v2\/pages\/644"}],"collection":[{"href":"https:\/\/engearqcursos.com.br\/index.php\/wp-json\/wp\/v2\/pages"}],"about":[{"href":"https:\/\/engearqcursos.com.br\/index.php\/wp-json\/wp\/v2\/types\/page"}],"author":[{"embeddable":true,"href":"https:\/\/engearqcursos.com.br\/index.php\/wp-json\/wp\/v2\/users\/1"}],"replies":[{"embeddable":true,"href":"https:\/\/engearqcursos.com.br\/index.php\/wp-json\/wp\/v2\/comments?post=644"}],"version-history":[{"count":122,"href":"https:\/\/engearqcursos.com.br\/index.php\/wp-json\/wp\/v2\/pages\/644\/revisions"}],"predecessor-version":[{"id":66732,"href":"https:\/\/engearqcursos.com.br\/index.php\/wp-json\/wp\/v2\/pages\/644\/revisions\/66732"}],"wp:attachment":[{"href":"https:\/\/engearqcursos.com.br\/index.php\/wp-json\/wp\/v2\/media?parent=644"}],"curies":[{"name":"wp","href":"https:\/\/api.w.org\/{rel}","templated":true}]}}