{"id":25,"date":"2015-02-05T10:22:10","date_gmt":"2015-02-05T10:22:10","guid":{"rendered":"http:\/\/demo.wpcharming.com\/construction\/?page_id=25"},"modified":"2020-02-21T19:45:56","modified_gmt":"2020-02-21T22:45:56","slug":"localizacao","status":"publish","type":"page","link":"https:\/\/engearqcursos.com.br\/index.php\/localizacao\/","title":{"rendered":"Localiza\u00e7\u00e3o"},"content":{"rendered":"<p>[vc_row row_type=&#8221;row_full_center_content&#8221; bg_repeat=&#8221;no-repeat&#8221; padding_top=&#8221;10&#8243;][vc_column width=&#8221;1\/2&#8243;]\n\t<div class=\"custom-heading wpb_content_element \">\n\t\t<h2 class=\"heading-title\" >Localiza\u00e7\u00e3o<\/h2>\n\t\t<span class=\"heading-line primary\"><\/span>\n\t<\/div>[vc_column_text]<\/p>\n<p style=\"text-align: justify;\">Localizado em um lugar privilegiado o Centro de Estudos EngeArq fica pr\u00f3ximo ao Terminal Pra\u00e7a da B\u00edblia, tornando f\u00e1cil o acesso para alunos da grande capital Goi\u00e2nia e principalmente para alunos que residem em cidades arredores. O terminal Pra\u00e7a da B\u00edblia possui rotas de sa\u00edda e chegada entre Goi\u00e2nia e cidades do entorno.<\/p>\n<p>[\/vc_column_text][vc_btn title=&#8221;Como chegar&#8221; style=&#8221;3d&#8221; color=&#8221;warning&#8221; size=&#8221;lg&#8221; align=&#8221;center&#8221; button_block=&#8221;true&#8221; link=&#8221;url:https%3A%2F%2Fwww.google.com.br%2Fmaps%2Fdir%2F%2FC.E.%2BENGEARQ%2BCURSOS%2C%2BR.%2BA%2C%2B740%2B-%2BQD.13S%2BLT.%2B13%2B-%2BLeste%2BVila%2BNova%2C%2BGoi%25C3%25A2nia%2B-%2BGO%2C%2B74645-210%2F%40-16.6678691%2C-49.308184%2C12z%2Fdata%3D!4m8!4m7!1m0!1m5!1m1!1s0x935ef2298414b633%3A0x4179c95baa416d6f!2m2!1d-49.2381422!2d-16.6678809|||&#8221;][\/vc_column][vc_column width=&#8221;1\/2&#8243;][vc_gmaps link=&#8221;#E-8_JTNDaWZyYW1lJTIwc3JjJTNEJTIyaHR0cHMlM0ElMkYlMkZ3d3cuZ29vZ2xlLmNvbSUyRm1hcHMlMkZlbWJlZCUzRnBiJTNEJTIxMW0xNCUyMTFtOCUyMTFtMyUyMTFkMTkxMS4wODcyNzI4OTA2ODU3JTIxMmQtNDkuMjM3MTEyNTc5MjIyMSUyMTNkLTE2LjY2ODE0Njc1NjUyMTUxMiUyMTNtMiUyMTFpMTAyNCUyMTJpNzY4JTIxNGYxMy4xJTIxM20zJTIxMW0yJTIxMXMweDAlMjUzQTB4NDE3OWM5NWJhYTQxNmQ2ZiUyMTJzQy5FLiUyQkVuZ2VhcnElMjE1ZTAlMjEzbTIlMjExc3B0LUJSJTIxMnNiciUyMTR2MTUxNzI0ODE4MjIyMiUyMiUyMHdpZHRoJTNEJTIyNjAwJTIyJTIwaGVpZ2h0JTNEJTIyNDUwJTIyJTIwZnJhbWVib3JkZXIlM0QlMjIwJTIyJTIwc3R5bGUlM0QlMjJib3JkZXIlM0EwJTIyJTIwYWxsb3dmdWxsc2NyZWVuJTNFJTNDJTJGaWZyYW1lJTNF&#8221;][\/vc_column][\/vc_row]<\/p>\n","protected":false},"excerpt":{"rendered":"<p>[vc_row row_type=&#8221;row_full_center_content&#8221; bg_repeat=&#8221;no-repeat&#8221; padding_top=&#8221;10&#8243;][vc_column width=&#8221;1\/2&#8243;][vc_column_text] Localizado em um lugar privilegiado o Centro de Estudos EngeArq fica pr\u00f3ximo ao Terminal Pra\u00e7a da &#8230;<\/p>\n","protected":false},"author":1,"featured_media":0,"parent":0,"menu_order":0,"comment_status":"closed","ping_status":"closed","template":"","meta":[],"_links":{"self":[{"href":"https:\/\/engearqcursos.com.br\/index.php\/wp-json\/wp\/v2\/pages\/25"}],"collection":[{"href":"https:\/\/engearqcursos.com.br\/index.php\/wp-json\/wp\/v2\/pages"}],"about":[{"href":"https:\/\/engearqcursos.com.br\/index.php\/wp-json\/wp\/v2\/types\/page"}],"author":[{"embeddable":true,"href":"https:\/\/engearqcursos.com.br\/index.php\/wp-json\/wp\/v2\/users\/1"}],"replies":[{"embeddable":true,"href":"https:\/\/engearqcursos.com.br\/index.php\/wp-json\/wp\/v2\/comments?post=25"}],"version-history":[{"count":7,"href":"https:\/\/engearqcursos.com.br\/index.php\/wp-json\/wp\/v2\/pages\/25\/revisions"}],"predecessor-version":[{"id":1522,"href":"https:\/\/engearqcursos.com.br\/index.php\/wp-json\/wp\/v2\/pages\/25\/revisions\/1522"}],"wp:attachment":[{"href":"https:\/\/engearqcursos.com.br\/index.php\/wp-json\/wp\/v2\/media?parent=25"}],"curies":[{"name":"wp","href":"https:\/\/api.w.org\/{rel}","templated":true}]}}