{"id":1319,"date":"2020-02-12T19:22:56","date_gmt":"2020-02-12T22:22:56","guid":{"rendered":"https:\/\/engearqcursos.com.br\/?page_id=1319"},"modified":"2025-05-09T20:37:50","modified_gmt":"2025-05-09T23:37:50","slug":"curso-de-revit","status":"publish","type":"page","link":"https:\/\/engearqcursos.com.br\/index.php\/curso-de-revit\/","title":{"rendered":"Curso de Revit"},"content":{"rendered":"<p>[vc_row padding_top=&#8221;0&#8243; padding_bottom=&#8221;20&#8243; padding_left=&#8221;20&#8243; padding_right=&#8221;20&#8243;][vc_column][vc_row_inner][vc_column_inner width=&#8221;2\/3&#8243;][vc_text_separator title=&#8221;Autodesk Revit&#8221; i_icon_fontawesome=&#8221;fas fa-kaaba&#8221; i_color=&#8221;black&#8221; i_size=&#8221;lg&#8221; color=&#8221;black&#8221; border_width=&#8221;8&#8243; add_icon=&#8221;true&#8221; el_class=&#8221;titulo&#8221;][vc_column_text el_class=&#8221;descCurso&#8221;]<\/p>\n<h1><strong>Em breve!<\/strong><\/h1>\n<p>[\/vc_column_text][vc_column_text el_class=&#8221;hidden&#8221;]<\/p>\n<ul>\n<li style=\"text-align: justify;\">Curso de Revit voltado para realidade do mercado de trabalho das \u00e1reas de Engenharia e Arquitetura. No curso voc\u00ea ser\u00e1 preparado para elaborar projetos arquitet\u00f4nicos de alt\u00edssimo n\u00edvel.<\/li>\n<li style=\"text-align: justify;\">O curso ser\u00e1 ministrado por Engenheiros com experi\u00eancia real na elabora\u00e7\u00e3o e aprova\u00e7\u00e3o de projetos arquitet\u00f4nicos em residenciais fechados de alto padr\u00e3o.<\/li>\n<li style=\"text-align: justify;\">Al\u00e9m de ensinar o software, o curso conta com dicas \u00fanicas de experi\u00eancias que foram vividas na pr\u00e1tica, al\u00e9m da prepara\u00e7\u00e3o para mercado de trabalho.<\/li>\n<li style=\"text-align: justify;\">Com o Revit voc\u00ea ser\u00e1 capaz de atuar em:\n<ul>\n<li style=\"text-align: justify;\">Escrit\u00f3rios de projetos<\/li>\n<li style=\"text-align: justify;\">Empreendimentos BIM<\/li>\n<li style=\"text-align: justify;\">Freelancer de projetos<\/li>\n<\/ul>\n<\/li>\n<\/ul>\n<h2>T\u00f3picos abordados no curso<\/h2>\n<ul>\n<li style=\"text-align: justify;\">Introdu\u00e7\u00e3o te\u00f3rica<\/li>\n<li style=\"text-align: justify;\">Introdu\u00e7\u00e3o ao REVIT<\/li>\n<li style=\"text-align: justify;\">Formatos RVT e RTE<\/li>\n<li style=\"text-align: justify;\">Templates<\/li>\n<li style=\"text-align: justify;\">Fam\u00edlias e Materiais<\/li>\n<li style=\"text-align: justify;\">Importa\u00e7\u00e3o de DWG<\/li>\n<li style=\"text-align: justify;\">Ponto 0,0 de coordenadas<\/li>\n<li style=\"text-align: justify;\">Comandos<\/li>\n<li style=\"text-align: justify;\">Interface geral<\/li>\n<li style=\"text-align: justify;\">Ambientaliza\u00e7\u00e3o do 3D<\/li>\n<li style=\"text-align: justify;\">Configura\u00e7\u00e3o de unidade de medida<\/li>\n<li style=\"text-align: justify;\">Ferramentas de n\u00edvel<\/li>\n<li style=\"text-align: justify;\">Ferramentas de terreno<\/li>\n<li style=\"text-align: justify;\">Ferramentas de paredes<\/li>\n<li style=\"text-align: justify;\">Ferramentas de pisos<\/li>\n<li style=\"text-align: justify;\">Ferramentas de portas<\/li>\n<li style=\"text-align: justify;\">Ferramentas de janelas<\/li>\n<li style=\"text-align: justify;\">Editor de materiais<\/li>\n<li style=\"text-align: justify;\">Tipos de paredes<\/li>\n<li style=\"text-align: justify;\">Plataforma de constru\u00e7\u00e3o<\/li>\n<li style=\"text-align: justify;\">Inserindo grama<\/li>\n<li style=\"text-align: justify;\">Inserindo deck<\/li>\n<li style=\"text-align: justify;\">Inserindo piscina<\/li>\n<li style=\"text-align: justify;\">Inserindo rampas<\/li>\n<li style=\"text-align: justify;\">Inserindo forros<\/li>\n<li style=\"text-align: justify;\">Configurando escadas<\/li>\n<li style=\"text-align: justify;\">Configurando faixas de vista<\/li>\n<li style=\"text-align: justify;\">Configurando telhado<\/li>\n<li style=\"text-align: justify;\">Importando fam\u00edlias<\/li>\n<li style=\"text-align: justify;\">Inserindo e configurando cotas<\/li>\n<li style=\"text-align: justify;\">Configurando espessuras de linhas<\/li>\n<li style=\"text-align: justify;\">Identifica\u00e7\u00e3o de portas e janelas<\/li>\n<li style=\"text-align: justify;\">Identifica\u00e7\u00e3o de ambientes<\/li>\n<li style=\"text-align: justify;\">Numerando degraus da escada<\/li>\n<li style=\"text-align: justify;\">Configurando cortes<\/li>\n<li style=\"text-align: justify;\">Configurando fachadas<\/li>\n<li style=\"text-align: justify;\">Plantas de \u00e1reas: ocupa\u00e7\u00e3o, permeabilidade e constru\u00edda<\/li>\n<li style=\"text-align: justify;\">Tabelas em geral<\/li>\n<li style=\"text-align: justify;\">Configurando folha A0<\/li>\n<li style=\"text-align: justify;\">Plotagem e impress\u00e3o<\/li>\n<\/ul>\n<p>[\/vc_column_text][\/vc_column_inner][vc_column_inner width=&#8221;1\/3&#8243;][vc_text_separator title=&#8221;Matr\u00edcula&#8221; i_icon_fontawesome=&#8221;fas fa-cart-arrow-down&#8221; i_color=&#8221;black&#8221; color=&#8221;orange&#8221; border_width=&#8221;8&#8243; add_icon=&#8221;true&#8221; el_class=&#8221;titulo&#8221;][vc_btn title=&#8221;Fa\u00e7a sua reserva&#8221; style=&#8221;3d&#8221; color=&#8221;success&#8221; size=&#8221;lg&#8221; align=&#8221;center&#8221; i_icon_fontawesome=&#8221;fab fa-whatsapp&#8221; button_block=&#8221;true&#8221; add_icon=&#8221;true&#8221; link=&#8221;url:https%3A%2F%2Fapi.whatsapp.com%2Fsend%3Fphone%3D5562985786994%26text%3D%2522Ol%25C3%25A1%2C%2520gostaria%2520de%2520saber%2520mais%2520informa%25C3%25A7%25C3%25B5es%2520a%2520respeito%2520do%2520curso%2520de%2520Revit%2520%2B%2520BIM%2522|||&#8221;][vc_cta h2=&#8221;Pr\u00f3xima turma&#8221; style=&#8221;flat&#8221; el_class=&#8221;hidden&#8221;]Reserve j\u00e1 sua vaga para a pr\u00f3xima turma. Previs\u00e3o de in\u00edcio: Novembro\/2020.[\/vc_cta][\/vc_column_inner][\/vc_row_inner][\/vc_column][\/vc_row]<\/p>\n","protected":false},"excerpt":{"rendered":"<p>[vc_row padding_top=&#8221;0&#8243; padding_bottom=&#8221;20&#8243; padding_left=&#8221;20&#8243; padding_right=&#8221;20&#8243;][vc_column][vc_row_inner][vc_column_inner width=&#8221;2\/3&#8243;][vc_text_separator title=&#8221;Autodesk Revit&#8221; i_icon_fontawesome=&#8221;fas fa-kaaba&#8221; i_color=&#8221;black&#8221; i_size=&#8221;lg&#8221; color=&#8221;black&#8221; border_width=&#8221;8&#8243; add_icon=&#8221;true&#8221; el_class=&#8221;titulo&#8221;][vc_column_text el_class=&#8221;descCurso&#8221;] Em breve! [\/vc_column_text][vc_column_text el_class=&#8221;hidden&#8221;] &#8230;<\/p>\n","protected":false},"author":1,"featured_media":0,"parent":0,"menu_order":0,"comment_status":"closed","ping_status":"closed","template":"","meta":[],"_links":{"self":[{"href":"https:\/\/engearqcursos.com.br\/index.php\/wp-json\/wp\/v2\/pages\/1319"}],"collection":[{"href":"https:\/\/engearqcursos.com.br\/index.php\/wp-json\/wp\/v2\/pages"}],"about":[{"href":"https:\/\/engearqcursos.com.br\/index.php\/wp-json\/wp\/v2\/types\/page"}],"author":[{"embeddable":true,"href":"https:\/\/engearqcursos.com.br\/index.php\/wp-json\/wp\/v2\/users\/1"}],"replies":[{"embeddable":true,"href":"https:\/\/engearqcursos.com.br\/index.php\/wp-json\/wp\/v2\/comments?post=1319"}],"version-history":[{"count":16,"href":"https:\/\/engearqcursos.com.br\/index.php\/wp-json\/wp\/v2\/pages\/1319\/revisions"}],"predecessor-version":[{"id":62058,"href":"https:\/\/engearqcursos.com.br\/index.php\/wp-json\/wp\/v2\/pages\/1319\/revisions\/62058"}],"wp:attachment":[{"href":"https:\/\/engearqcursos.com.br\/index.php\/wp-json\/wp\/v2\/media?parent=1319"}],"curies":[{"name":"wp","href":"https:\/\/api.w.org\/{rel}","templated":true}]}}