{"id":1043,"date":"2018-04-15T18:30:48","date_gmt":"2018-04-15T21:30:48","guid":{"rendered":"http:\/\/engearqcursos.com.br\/?page_id=1043"},"modified":"2020-02-21T21:28:10","modified_gmt":"2020-02-22T00:28:10","slug":"curso-sketchup-render","status":"publish","type":"page","link":"https:\/\/engearqcursos.com.br\/index.php\/curso-sketchup-render\/","title":{"rendered":"Curso SketchUP + Render"},"content":{"rendered":"<p>[vc_row padding_top=&#8221;0&#8243; padding_bottom=&#8221;20&#8243; padding_left=&#8221;20&#8243; padding_right=&#8221;20&#8243;][vc_column][vc_row_inner][vc_column_inner width=&#8221;2\/3&#8243;][vc_text_separator title=&#8221;SketchUP + Render&#8221; i_icon_fontawesome=&#8221;fas fa-store-alt&#8221; i_color=&#8221;black&#8221; i_size=&#8221;lg&#8221; color=&#8221;black&#8221; border_width=&#8221;8&#8243; add_icon=&#8221;true&#8221; el_class=&#8221;titulo&#8221;][vc_column_text]<\/p>\n<ul>\n<li>Curso de Sketchup + Render voltado para realidade do mercado de trabalho das \u00e1reas de Engenharia e Arquitetura. No curso voc\u00ea ser\u00e1 preparado para elaborar maquetes eletr\u00f4nicas em alto n\u00edvel, al\u00e9m das no\u00e7\u00f5es b\u00e1sicas de renderiza\u00e7\u00e3o.<\/li>\n<li>O curso ser\u00e1 ministrado por Engenheiros com vasta experi\u00eancia em projetos virtuais 3D.<\/li>\n<li>Al\u00e9m de ensinar o software, tamb\u00e9m ser\u00e1 passado um preparat\u00f3rio de est\u00e1gio com exerc\u00edcios de simula\u00e7\u00e3o de uma apresenta\u00e7\u00e3o de projeto para clientes.<\/li>\n<li>Com o Sketchup + Render ENGEARQ voc\u00ea ser\u00e1 capaz de atuar em:\n<ul>\n<li>Escrit\u00f3rios de projetos<\/li>\n<li>Freelancer de projetos 3D<\/li>\n<\/ul>\n<\/li>\n<\/ul>\n<h2>T\u00f3picos abordados no curso<\/h2>\n<ul>\n<li>Introdu\u00e7\u00e3o e Download<\/li>\n<li>Interface e navega\u00e7\u00e3o<\/li>\n<li>Ferramentas de desenho<\/li>\n<li>Ferramentas de modelagem<\/li>\n<li>Ferramentas do balde de tintas<\/li>\n<li>Ferramentas de medidas<\/li>\n<li>Criando atalhos<\/li>\n<li>Inserindo cotas<\/li>\n<li>Inserindo textos<\/li>\n<li>Grupos e componentes<\/li>\n<li>Texturiza\u00e7\u00e3o<\/li>\n<li>Texturiza\u00e7\u00e3o projetada<\/li>\n<li>Configurando sombras<\/li>\n<li>Importa\u00e7\u00e3o e 3D Wharehouse<\/li>\n<li>Instala\u00e7\u00e3o de Plug-ins<\/li>\n<li>Modelando terrenos (Sandbox)<\/li>\n<li>Deixando o Sketchup mais leve (Purge)<\/li>\n<li>Modelando moldura de gesso<\/li>\n<li>Inserindo revestimentos 3D decorativo (Floor Generator)<\/li>\n<li>Configurando escadas<\/li>\n<li>Inserindo concregrama<\/li>\n<li>Modelando tecidos<\/li>\n<li>Or\u00e7amento com Sketchup (Bimbom)<\/li>\n<li>Inserindo jardinagem<\/li>\n<li>Configurando telhado<\/li>\n<li>Configurando cenas e anima\u00e7\u00f5es<\/li>\n<\/ul>\n<p>[\/vc_column_text][\/vc_column_inner][vc_column_inner width=&#8221;1\/3&#8243;][vc_cta h2=&#8221;Investimento&#8221; style=&#8221;3d&#8221; color=&#8221;orange&#8221; el_class=&#8221;invtBox&#8221;]<span class=\"investimento\"><br \/>\nDe <span class=\"precoAnt\">R$ 799,00<\/span> por <span class=\"precoNovo\">R$ 749,99<\/span><br \/>\n<\/span>[\/vc_cta][vc_btn title=&#8221;Fa\u00e7a sua reserva&#8221; style=&#8221;3d&#8221; color=&#8221;success&#8221; size=&#8221;lg&#8221; align=&#8221;center&#8221; i_icon_fontawesome=&#8221;fab fa-whatsapp&#8221; button_block=&#8221;true&#8221; add_icon=&#8221;true&#8221; link=&#8221;url:https%3A%2F%2Fapi.whatsapp.com%2Fsend%3Fphone%3D5562985786994%26text%3D%2522Ol%25C3%25A1%2C%2520gostaria%2520de%2520saber%2520mais%2520informa%25C3%25A7%25C3%25B5es%2520a%2520respeito%2520do%2520curso%2520de%2520SketchUp%2520%2B%2520%2B%2520Render%2522|||&#8221;][vc_cta h2=&#8221;Pr\u00f3xima turma&#8221; style=&#8221;flat&#8221;]Reserve j\u00e1 sua vaga para a pr\u00f3xima turma.\u00a0 Previs\u00e3o de in\u00edcio para: Maio\/2020.[\/vc_cta][\/vc_column_inner][\/vc_row_inner][\/vc_column][\/vc_row]<\/p>\n","protected":false},"excerpt":{"rendered":"<p>[vc_row padding_top=&#8221;0&#8243; padding_bottom=&#8221;20&#8243; padding_left=&#8221;20&#8243; padding_right=&#8221;20&#8243;][vc_column][vc_row_inner][vc_column_inner width=&#8221;2\/3&#8243;][vc_text_separator title=&#8221;SketchUP + Render&#8221; i_icon_fontawesome=&#8221;fas fa-store-alt&#8221; i_color=&#8221;black&#8221; i_size=&#8221;lg&#8221; color=&#8221;black&#8221; border_width=&#8221;8&#8243; add_icon=&#8221;true&#8221; el_class=&#8221;titulo&#8221;][vc_column_text] Curso de Sketchup + &#8230;<\/p>\n","protected":false},"author":1,"featured_media":0,"parent":0,"menu_order":0,"comment_status":"closed","ping_status":"closed","template":"","meta":[],"_links":{"self":[{"href":"https:\/\/engearqcursos.com.br\/index.php\/wp-json\/wp\/v2\/pages\/1043"}],"collection":[{"href":"https:\/\/engearqcursos.com.br\/index.php\/wp-json\/wp\/v2\/pages"}],"about":[{"href":"https:\/\/engearqcursos.com.br\/index.php\/wp-json\/wp\/v2\/types\/page"}],"author":[{"embeddable":true,"href":"https:\/\/engearqcursos.com.br\/index.php\/wp-json\/wp\/v2\/users\/1"}],"replies":[{"embeddable":true,"href":"https:\/\/engearqcursos.com.br\/index.php\/wp-json\/wp\/v2\/comments?post=1043"}],"version-history":[{"count":5,"href":"https:\/\/engearqcursos.com.br\/index.php\/wp-json\/wp\/v2\/pages\/1043\/revisions"}],"predecessor-version":[{"id":1574,"href":"https:\/\/engearqcursos.com.br\/index.php\/wp-json\/wp\/v2\/pages\/1043\/revisions\/1574"}],"wp:attachment":[{"href":"https:\/\/engearqcursos.com.br\/index.php\/wp-json\/wp\/v2\/media?parent=1043"}],"curies":[{"name":"wp","href":"https:\/\/api.w.org\/{rel}","templated":true}]}}