{"id":1030,"date":"2018-04-15T18:13:28","date_gmt":"2018-04-15T21:13:28","guid":{"rendered":"http:\/\/engearqcursos.com.br\/?page_id=1030"},"modified":"2026-01-27T19:27:04","modified_gmt":"2026-01-27T22:27:04","slug":"curso-de-autocad-preparatorio","status":"publish","type":"page","link":"https:\/\/engearqcursos.com.br\/index.php\/curso-de-autocad-preparatorio\/","title":{"rendered":"Curso de AutoCAD + Preparat\u00f3rio"},"content":{"rendered":"<p>[vc_row padding_top=&#8221;0&#8243; padding_bottom=&#8221;20&#8243; padding_left=&#8221;20&#8243; padding_right=&#8221;20&#8243;][vc_column][vc_row_inner][vc_column_inner width=&#8221;2\/3&#8243;][vc_text_separator title=&#8221;AutoCAD Alta Performance BIM&#8221; i_icon_fontawesome=&#8221;fas fa-hard-hat&#8221; i_color=&#8221;black&#8221; i_size=&#8221;lg&#8221; color=&#8221;black&#8221; border_width=&#8221;8&#8243; add_icon=&#8221;true&#8221; el_class=&#8221;titulo&#8221;][vc_column_text]<\/p>\n<ul>\n<li>Curso de AutoCAD voltado para a realidade do mercado de trabalho das \u00e1reas de Engenharia e Arquitetura. No curso voc\u00ea ser\u00e1 preparado para elaborar projetos em alto n\u00edvel.<\/li>\n<li>O curso ser\u00e1 ministrado por Engenheiros capacitados que atuam no mercado de trabalho a muitos anos, tanto em execu\u00e7\u00e3o de obras, quanto na elabora\u00e7\u00e3o de projetos de alto padr\u00e3o.<\/li>\n<li>Al\u00e9m de ensinar o software, tamb\u00e9m ser\u00e1 passado um preparat\u00f3rio de est\u00e1gio, com exerc\u00edcios simulados de testes de qualifica\u00e7\u00e3o, al\u00e9m de dicas de como se comportar em uma entrevista de est\u00e1gio.<\/li>\n<li>Com o AutoCAD ENGEARQ voc\u00ea ser\u00e1 capaz de atuar em:\n<ul>\n<li>Escrit\u00f3rios de projetos<\/li>\n<li>Freelancer de projetos<\/li>\n<\/ul>\n<\/li>\n<\/ul>\n<h2>T\u00f3picos abordados no curso<\/h2>\n<ul>\n<li>Instala\u00e7\u00e3o da ferramenta de forma legal<\/li>\n<li>Introdu\u00e7\u00e3o \u00e0 Plataforma<\/li>\n<li>Sistemas de Coordenadas e Arquivos no AutoCAD<\/li>\n<li>Linha de Comando e Comando Options<\/li>\n<li>Comando Options<\/li>\n<li>Comandos do Mouse Sele\u00e7\u00e3o e Zoom<\/li>\n<li>Comandos De Desenho Line Polyline e Circle<\/li>\n<li>Comandos De Desenho Zoom, Move, Copy e Rotate<\/li>\n<li>Comandos De Desenho Dist, Stretch e Scale<\/li>\n<li>Comandos De Desenho Trim e Fillet<\/li>\n<li>Comandos De Desenho Rectangle, Arc, Polygon e Ellipse<\/li>\n<li>Comandos De Desenho Grid, Snap Mode, Ortho, Object Snap, Polar Tracking<\/li>\n<li>Comandos De Desenho Explode, Offset e Erase<\/li>\n<li>Comandos De Desenho Spline, Point Style e Divide<\/li>\n<li>Comandos De Desenho Array<\/li>\n<li>Conceitos Fundamentais Sobre Layers, Blocos e Texto<\/li>\n<li>Ferramentas de Texto Mtext e Textedit<\/li>\n<li>Entendendo Layer ou Camadas<\/li>\n<li>Criando Layer e Definindo Suas Propriedades e Comando Matchprop<\/li>\n<li>Ferramentas de Layer Trancar, Isolar, congelar e desligar<\/li>\n<li>Entendendo Blocos e Copiando e Colando Objetos de Outro Projeto<\/li>\n<li>Criando e Editando Blocos no AutoCAD<\/li>\n<li>Alterando Copiando Alterando Base Point de Blocos No AutoCAD<\/li>\n<li>Sistema de Coordenadas no AutoCAD<\/li>\n<li>Propriedades de Objetos e Configura\u00e7\u00f5es de Objetos<\/li>\n<li>Tipos de Hatch Escalas de Hatch ou Hachura no AutoCAD<\/li>\n<li>Comando Aling Para Alinhamento e Escalas em Objetos<\/li>\n<li>Cotas Entendendo o Funcionamento<\/li>\n<li>Cotas Configurando Textos e Layer<\/li>\n<li>Cotas Configura\u00e7\u00f5es Gerais e Tipos de Cotas<\/li>\n<li>Configura\u00e7\u00e3o Leader no AutoCAD<\/li>\n<li>Comandos Personalizados Como Editar ACAD.PGP<\/li>\n<li>Como Fazer Impress\u00e3o no AutoCAD Parte 1<\/li>\n<li>Como Fazer Impress\u00e3o no AutoCAD Parte 2<\/li>\n<li>Entendendo o Layout e Viewport<\/li>\n<li>Configurando Penas, Arquivo CTB ou Plot Style Table<\/li>\n<li>Moldura Para Projetos e Tamanhos de Papel e Escalas<\/li>\n<li>Criando Viewport Trancando e Imprimindo PDF e Plt<\/li>\n<li>Escalas em Viewport do AutoCAD<\/li>\n<\/ul>\n<p>[\/vc_column_text][\/vc_column_inner][vc_column_inner width=&#8221;1\/3&#8243;][vc_text_separator title=&#8221;Matr\u00edcula&#8221; i_icon_fontawesome=&#8221;fas fa-cart-arrow-down&#8221; i_color=&#8221;black&#8221; color=&#8221;orange&#8221; border_width=&#8221;8&#8243; add_icon=&#8221;true&#8221; el_class=&#8221;titulo&#8221;][vc_btn title=&#8221;Fa\u00e7a sua reserva&#8221; style=&#8221;3d&#8221; color=&#8221;success&#8221; size=&#8221;lg&#8221; align=&#8221;center&#8221; i_icon_fontawesome=&#8221;fab fa-whatsapp&#8221; button_block=&#8221;true&#8221; add_icon=&#8221;true&#8221; link=&#8221;url:https%3A%2F%2Fapi.whatsapp.com%2Fsend%3Fphone%3D5562985786994%26text%3D%2522Ol%25C3%25A1%2C%2520gostaria%2520de%2520saber%2520mais%2520informa%25C3%25A7%25C3%25B5es%2520a%2520respeito%2520do%2520curso%2520de%2520AutoCAD%2520%2B%2520Preparat%25C3%25B3rio%2520para%2520o%2520mercado|||&#8221;][vc_cta h2=&#8221;Pr\u00f3xima turma&#8221; style=&#8221;flat&#8221; el_class=&#8221;hidden&#8221;]Reserve j\u00e1 sua vaga para a pr\u00f3xima turma. Previs\u00e3o de in\u00edcio: Abril \/ 2020.[\/vc_cta][\/vc_column_inner][\/vc_row_inner][\/vc_column][\/vc_row]<\/p>\n","protected":false},"excerpt":{"rendered":"<p>[vc_row padding_top=&#8221;0&#8243; padding_bottom=&#8221;20&#8243; padding_left=&#8221;20&#8243; padding_right=&#8221;20&#8243;][vc_column][vc_row_inner][vc_column_inner width=&#8221;2\/3&#8243;][vc_text_separator title=&#8221;AutoCAD Alta Performance BIM&#8221; i_icon_fontawesome=&#8221;fas fa-hard-hat&#8221; i_color=&#8221;black&#8221; i_size=&#8221;lg&#8221; color=&#8221;black&#8221; border_width=&#8221;8&#8243; add_icon=&#8221;true&#8221; el_class=&#8221;titulo&#8221;][vc_column_text] Curso de AutoCAD &#8230;<\/p>\n","protected":false},"author":1,"featured_media":0,"parent":0,"menu_order":0,"comment_status":"closed","ping_status":"closed","template":"","meta":[],"_links":{"self":[{"href":"https:\/\/engearqcursos.com.br\/index.php\/wp-json\/wp\/v2\/pages\/1030"}],"collection":[{"href":"https:\/\/engearqcursos.com.br\/index.php\/wp-json\/wp\/v2\/pages"}],"about":[{"href":"https:\/\/engearqcursos.com.br\/index.php\/wp-json\/wp\/v2\/types\/page"}],"author":[{"embeddable":true,"href":"https:\/\/engearqcursos.com.br\/index.php\/wp-json\/wp\/v2\/users\/1"}],"replies":[{"embeddable":true,"href":"https:\/\/engearqcursos.com.br\/index.php\/wp-json\/wp\/v2\/comments?post=1030"}],"version-history":[{"count":20,"href":"https:\/\/engearqcursos.com.br\/index.php\/wp-json\/wp\/v2\/pages\/1030\/revisions"}],"predecessor-version":[{"id":66734,"href":"https:\/\/engearqcursos.com.br\/index.php\/wp-json\/wp\/v2\/pages\/1030\/revisions\/66734"}],"wp:attachment":[{"href":"https:\/\/engearqcursos.com.br\/index.php\/wp-json\/wp\/v2\/media?parent=1030"}],"curies":[{"name":"wp","href":"https:\/\/api.w.org\/{rel}","templated":true}]}}